{"id":53,"date":"2017-09-12T14:44:05","date_gmt":"2017-09-12T12:44:05","guid":{"rendered":"http:\/\/isv-feldkirch.at\/wordpress\/?page_id=53"},"modified":"2022-01-08T12:58:15","modified_gmt":"2022-01-08T11:58:15","slug":"impressum","status":"publish","type":"page","link":"http:\/\/isv-feldkirch.at\/wordpress\/impressum\/","title":{"rendered":"Impressum ISV-Feldkirch"},"content":{"rendered":"<h4><strong><img loading=\"lazy\" decoding=\"async\" class=\"alignnone wp-image-150 size-full\" src=\"http:\/\/isv-feldkirch.at\/wordpress\/wp-content\/uploads\/2017\/09\/impressumisv.png\" alt=\"\" width=\"887\" height=\"220\" srcset=\"http:\/\/isv-feldkirch.at\/wordpress\/wp-content\/uploads\/2017\/09\/impressumisv.png 887w, http:\/\/isv-feldkirch.at\/wordpress\/wp-content\/uploads\/2017\/09\/impressumisv-300x74.png 300w, http:\/\/isv-feldkirch.at\/wordpress\/wp-content\/uploads\/2017\/09\/impressumisv-768x190.png 768w\" sizes=\"auto, (max-width: 887px) 100vw, 887px\" \/><\/strong><\/h4>\n<h4><strong>Impressum &#8211; ISV Feldkirch<\/strong><\/h4>\n<p><strong><span class=\"ff2 fc0 fs10 fb \">Indoor Sch\u00fctzen Verein Feldkirch<\/span><\/strong><span class=\"ff1 fc0 fs10 \"><br \/>\n<\/span><span class=\"ff2 fc0 fs10 \">Vereinsregister: FK-III-1704-05\/1768<\/span><span class=\"ff1 fc0 fs10 \"><br \/>\n<\/span><span class=\"ff2 fc0 fs10 \">Aufsichtsbeh\u00f6rde: BH-Feldkirch<\/span><span class=\"ff1 fc0 fs10 \"><br \/>\n<\/span><span class=\"ff2 fc0 fs10 \">Gr\u00fcndung: 19-10-2005<\/span><span class=\"ff1 fc0 fs10 \"><br \/>\n<\/span><span class=\"ff2 fc0 fs10 \">E-Mail: info<\/span>@isv-feldkirch.at<\/p>\n<p><strong><span class=\"ff2 fc0 fs12 fu \">Postadresse:<\/span><\/strong><span class=\"ff1 fc0 fs10 \"><br \/>\n<\/span><span class=\"ff2 fc0 fs10 \">ISV-Feldkirch<\/span><span class=\"ff2 fc0 fs10 \"><br \/>\nLeusb\u00fcndtweg 27<\/span><span class=\"ff1 fc0 fs10 \"><br \/>\n<\/span><span class=\"ff2 fc0 fs10 \">A-6800 Feldkirch<br \/>\n<\/span><span class=\"ff1 fc0 fs10 \"><img loading=\"lazy\" decoding=\"async\" class=\"size-medium wp-image-135 aligncenter\" src=\"http:\/\/isv-feldkirch.at\/wordpress\/wp-content\/uploads\/2017\/09\/isvlogotrans-294x300.png\" alt=\"\" width=\"294\" height=\"300\" srcset=\"http:\/\/isv-feldkirch.at\/wordpress\/wp-content\/uploads\/2017\/09\/isvlogotrans-294x300.png 294w, http:\/\/isv-feldkirch.at\/wordpress\/wp-content\/uploads\/2017\/09\/isvlogotrans-768x784.png 768w, http:\/\/isv-feldkirch.at\/wordpress\/wp-content\/uploads\/2017\/09\/isvlogotrans-1003x1024.png 1003w, http:\/\/isv-feldkirch.at\/wordpress\/wp-content\/uploads\/2017\/09\/isvlogotrans.png 1186w\" sizes=\"auto, (max-width: 294px) 100vw, 294px\" \/><br \/>\n<\/span><strong><span class=\"ff2 fc0 fs12 fu \">Bankverbindung:<\/span><\/strong><span class=\"ff1 fc0 fs10 \"><br \/>\n<\/span>Indoor Schuetzen Verein<\/p>\n<p><span style=\"font-size: inherit;\">Raiffeisenbank Montfort<\/span><\/p>\n<p><span class=\"ff2 fc0 fs10 \">BI<\/span><span class=\"ff2 fc0 fs10 \">C: RVVGAT2B422<br \/>\nIBAN: AT18 3742 2000 0723 7076<\/span><\/p>\n<p><strong><span class=\"ff2 fc0 fs12 fu \">Datenschutz:<\/span><\/strong><span class=\"ff1 fc0 fs10 \"><br \/>\n<\/span><span class=\"ff2 fc0 fs10 \">Ihre pers\u00f6nlichen Daten werden selbstverst\u00e4ndlich vertraulich behandelt und nicht an Dritte weitergegeben.<\/span><\/p>\n<p><strong><span class=\"ff2 fc0 fs12 fu \">Haftung f\u00fcr Links:<\/span><\/strong><span class=\"ff1 fc0 fs10 \"><br \/>\n<\/span><span class=\"ff2 fc0 fs10 \">Trotz sorgf\u00e4ltiger inhaltlicher Kontrolle \u00fcbernehmen wir keine Haftung f\u00fcr die Inhalte externer Links. F\u00fcr den Inhalt der verlinkten Seiten sind ausschlie\u00dflich deren Betreiber verantwortlich.<\/span><\/p>\n<p><strong><span class=\"ff2 fc0 fs12 fu \">Urheberrechte:<\/span><\/strong><span class=\"ff1 fc0 fs10 \"><br \/>\n<\/span><span class=\"ff2 fc0 fs10 \">Der Inhalt dieser Website ist urheberrechtlich gesch\u00fctzt. Die Bereitstellung von Inhalten und Bildmaterial dieser Website auf anderen Websites ist nur mit ausdr\u00fccklicher Genehmigung des Vereins ISV-Feldkirch gestattet. Die auf dieser Website enthaltenen Angaben werden nach bestem Wissen erstellt und mit gro\u00dfer Sorgfalt auf ihre Richtigkeit \u00fcberpr\u00fcft. Trotzdem sind inhaltliche und sachliche Fehler nicht vollst\u00e4ndig auszuschlie\u00dfen. Der Verein ISV-Feldkirch \u00fcbernimmt keinerlei Garantie und Haftung f\u00fcr die Richtigkeit, Aktualit\u00e4t und Vollst\u00e4ndigkeit der bereitgestellten Informationen. Alle Angaben sind ohne Gew\u00e4hr. Dies gilt auch f\u00fcr alle Links zu anderen URLs, die auf unserer Website genannt werden.<\/span><\/p>\n<p><span class=\"ff2 fc0 fs10 \">Verantwortlich f\u00fcr den Inhalt:<br \/>\nwebmaster@isv-feldkirch.at<br \/>\n<\/span><span class=\"ff1 fc0 fs10 \"><br \/>\n<\/span><span class=\"ff2 fc0 fs10 \">Feldkirch, am 12-04-2021<\/span><\/p>\n<p><a href=\"http:\/\/isv-feldkirch.at\/wordpress\/vorstand-isv-feldkirch\/\">Vorstand ISV-Feldkirch<\/a><\/p>\n","protected":false},"excerpt":{"rendered":"<p>Impressum &#8211; ISV Feldkirch Indoor Sch\u00fctzen Verein Feldkirch Vereinsregister: FK-III-1704-05\/1768 Aufsichtsbeh\u00f6rde: BH-Feldkirch Gr\u00fcndung: 19-10-2005 E-Mail: info@isv-feldkirch.at Postadresse: ISV-Feldkirch Leusb\u00fcndtweg 27 A-6800 Feldkirch Bankverbindung: Indoor Schuetzen Verein Raiffeisenbank Montfort BIC: RVVGAT2B422&#8230;<\/p>\n","protected":false},"author":1,"featured_media":0,"parent":0,"menu_order":0,"comment_status":"closed","ping_status":"closed","template":"","meta":{"footnotes":""},"class_list":["post-53","page","type-page","status-publish","hentry"],"_links":{"self":[{"href":"http:\/\/isv-feldkirch.at\/wordpress\/wp-json\/wp\/v2\/pages\/53","targetHints":{"allow":["GET"]}}],"collection":[{"href":"http:\/\/isv-feldkirch.at\/wordpress\/wp-json\/wp\/v2\/pages"}],"about":[{"href":"http:\/\/isv-feldkirch.at\/wordpress\/wp-json\/wp\/v2\/types\/page"}],"author":[{"embeddable":true,"href":"http:\/\/isv-feldkirch.at\/wordpress\/wp-json\/wp\/v2\/users\/1"}],"replies":[{"embeddable":true,"href":"http:\/\/isv-feldkirch.at\/wordpress\/wp-json\/wp\/v2\/comments?post=53"}],"version-history":[{"count":24,"href":"http:\/\/isv-feldkirch.at\/wordpress\/wp-json\/wp\/v2\/pages\/53\/revisions"}],"predecessor-version":[{"id":536,"href":"http:\/\/isv-feldkirch.at\/wordpress\/wp-json\/wp\/v2\/pages\/53\/revisions\/536"}],"wp:attachment":[{"href":"http:\/\/isv-feldkirch.at\/wordpress\/wp-json\/wp\/v2\/media?parent=53"}],"curies":[{"name":"wp","href":"https:\/\/api.w.org\/{rel}","templated":true}]}}